{"id":37,"date":"2022-02-06T15:31:46","date_gmt":"2022-02-06T14:31:46","guid":{"rendered":"http:\/\/sculptures-monumentales.eu\/?page_id=37"},"modified":"2023-02-09T12:14:37","modified_gmt":"2023-02-09T11:14:37","slug":"hebergement","status":"publish","type":"page","link":"https:\/\/sculptures-monumentales.eu\/index.php\/hebergement\/","title":{"rendered":"H\u00e9bergement"},"content":{"rendered":"\n<div class=\"wp-block-columns alignwide is-layout-flex wp-container-core-columns-is-layout-9d6595d7 wp-block-columns-is-layout-flex\">\n<div class=\"wp-block-column is-layout-flow wp-block-column-is-layout-flow\">\n<h2 class=\"has-text-color wp-block-heading\" style=\"color:#0a7c84\"><strong>H\u00f4tels<\/strong><\/h2>\n\n\n\n<p><strong>Casteau Resort H\u00f4tel ****<\/strong><br>H\u00f4tel et appart-h\u00f4tel<br>Chauss\u00e9\u00e9e de Bruxelles, 38<br>7061Casteau<br>065 32 04 00<br><a href=\"mailto:info@casteauresort.be\">info@casteauresort.be<\/a><br><a href=\"http:\/\/www.casteauresortmons.be\/\" target=\"_blank\" rel=\"noreferrer noopener\">www.casteauresortmons.be<\/a><\/p>\n\n\n\n<p><strong>Orange H\u00f4tel<\/strong>&nbsp;***<br>Chauss\u00e9e du Pont du Sart, 238<br>7110 La Louvi\u00e8re ( Houdeng Goegnies)<br>064 77 33 00<br><a href=\"mailto:info@orangehotel.be\">info@orangehotel.be<\/a><br><a href=\"https:\/\/www.orangehotel.be\/\" target=\"_blank\" rel=\"noreferrer noopener\">https:\/\/www.orangehotel.be<\/a><\/p>\n\n\n\n<div style=\"height:50px\" aria-hidden=\"true\" class=\"wp-block-spacer\"><\/div>\n\n\n\n<h2 class=\"has-text-color wp-block-heading\" style=\"color:#0a7c84\"><strong>Chambres d\u2019h\u00f4tes<\/strong><\/h2>\n\n\n\n<p><strong>Les Greniers de Madelgaire<\/strong><br>Rue Neuve, 43<br>7060 Soignies<br>0496\/908407<br><a href=\"mailto:info@les-greniers-de-madelgaire.be\">info@les-greniers-de-madelgaire.be<\/a><br><a href=\"http:\/\/www.les-greniers-de-madelgaire.be\/\" target=\"_blank\" rel=\"noreferrer noopener\">http:\/\/www.les-greniers-de-madelgaire.be<\/a><\/p>\n\n\n\n<p><strong>La Fermette<\/strong><br>Chemin Bois de Steenkerque, 2a<br>7060 Horrues<br>067 33 96 72<br><a href=\"mailto:gitelafermette.focant@gmail.com\">gitelafermette.focant@gmail.com<\/a><br><a href=\"http:\/\/www.gite-lafermette.com\/\" target=\"_blank\" rel=\"noreferrer noopener\">http:\/\/www.gite-lafermette.com<\/a><\/p>\n\n\n\n<p><strong>La Ferme du Rotteleur<\/strong><br>Rue de la Procession, 49<br>7061 Thieusies<br>065 72 83 94<br><a href=\"mailto:info@lerotteleur.be\">info@lerotteleur.be<\/a><br><a href=\"http:\/\/www.lerotteleur.com\/\" target=\"_blank\" rel=\"noreferrer noopener\">www.lerotteleur.com<\/a><\/p>\n\n\n\n<p><strong>La Ferme Roland<\/strong><br>Rue Caulier, 149<br>7063 Neufvilles<br>065 72 83 94<br>giteroland@hotmail.be<\/p>\n\n\n\n<p><strong>La Villa Theresa<\/strong><br>Rue Henry Leroy, 13<br>7060 Soignies<br>0495 77 61 25<br><a href=\"mailto:info@villa-theresa.be\">info@villa-theresa.be<\/a><br><a href=\"http:\/\/www.villa-theresa.be\/\" target=\"_blank\" rel=\"noreferrer noopener\">www.villa-theresa.be<\/a><\/p>\n\n\n\n<p><strong>Le Relais de la Motte<\/strong><br>Rue de la Motte 17<br>7061 Thieusies<br>0471 37 94 64<br><a href=\"mailto:info@relais-motte.be\">info@relais-motte.be<\/a><br><a href=\"http:\/\/www.relais-motte.be\/\" target=\"_blank\" rel=\"noreferrer noopener\">www.relais-motte.be<\/a><\/p>\n<\/div>\n\n\n\n<div class=\"wp-block-column is-layout-flow wp-block-column-is-layout-flow\">\n<h2 class=\"has-text-color wp-block-heading\" style=\"color:#0a7c84\"><strong>G\u00eetes<\/strong><\/h2>\n\n\n\n<p><strong>La Fermette<\/strong><br>Chemin Bois de Steenkerque, 2a<br>7060 Horrues<br>067 33 96 72<br><a href=\"mailto:gitelafermette.focant@gmail.com\">gitelafermette.focant@gmail.com<\/a><br><a rel=\"noreferrer noopener\" href=\"http:\/\/www.gite-lafermette.com\/\" target=\"_blank\">http:\/\/www.gite-lafermette.com<\/a><\/p>\n\n\n\n<p><strong>La Ferme Roland<\/strong><br>Rue Caulier, 149<br>7063 Neufvilles<br>065 72 83 94<br>giteroland@hotmail.be<\/p>\n\n\n\n<p><strong>La Villa Theresa<\/strong><br>Rue Henry Leroy, 13<br>7060 Soignies<br>0495 77 61 25<br><a href=\"mailto:info@villa-theresa.be\">info@villa-theresa.be<\/a><br><a href=\"http:\/\/www.villa-theresa.be\/\" target=\"_blank\" rel=\"noreferrer noopener\">www.villa-theresa.be<\/a><\/p>\n\n\n\n<p><strong>Le Vieux Semoir<\/strong><br>G\u00eete de groupe<br>Rue Reine de Hongrie, 73<br>7063 Neufvilles<br>0476 43 72 48<br><a href=\"mailto:marcel.windal@skynet.be\" target=\"_blank\" rel=\"noreferrer noopener\">marcel.windal@skynet.be<\/a><br><a href=\"http:\/\/www.levieuxsemoir.com\/\" target=\"_blank\" rel=\"noreferrer noopener\">http:\/\/www.levieuxsemoir.com<\/a><\/p>\n\n\n\n<p><strong>La petite pomme<\/strong><br>Rue Albert Ansiaux, 22<br>7061 Casteau<br>065 72 86 41<br>0472 36 69 40<br><a href=\"mailto:fran%C3%A7oise.gerodez@hotmail.com\">fran\u00e7oise.gerodez@hotmail.com<\/a><br><a href=\"http:\/\/www.gite-lapetitepomme.com\/\" target=\"_blank\" rel=\"noreferrer noopener\">www.gite-lapetitepomme.com<\/a><\/p>\n\n\n\n<p><strong>Le Koteight<\/strong><br>Rue de Villegas 4a<br>7063 Chauss\u00e9e-Notre-Dame-Louvignies<br>0499 42 61 14<br>0496 23 19 96<br><a href=\"mailto:goano78@gmail.com\">goano78@gmail.com<\/a><br><a href=\"http:\/\/www.koteight.com\/\" target=\"_blank\" rel=\"noreferrer noopener\">www.koteight.com<\/a><\/p>\n\n\n\n<p><strong>Gite de la Reine de Hongrie<\/strong><br>Rue Reine de Hongrie 44<br>7063 Neufvilles<br>0473 62 35 70<br><a href=\"mailto:gitedelareinedehongrie@outlook.com\">gitedelareinedehongrie@outlook.com<\/a><br><a rel=\"noreferrer noopener\" href=\"https:\/\/legitedelareinedehongrie.wordpress.com\/\" target=\"_blank\">https:\/\/legitedelareinedehongrie.wordpress.com<\/a><\/p>\n<\/div>\n<\/div>\n\n\n\n<div style=\"height:50px\" aria-hidden=\"true\" class=\"wp-block-spacer\"><\/div>\n","protected":false},"excerpt":{"rendered":"<p>H\u00f4tels Casteau Resort H\u00f4tel ****H\u00f4tel et appart-h\u00f4telChauss\u00e9\u00e9e de Bruxelles, 387061Casteau065 32 04 00info@casteauresort.bewww.casteauresortmons.be Orange H\u00f4tel&nbsp;***Chauss\u00e9e du Pont du Sart, 2387110 La Louvi\u00e8re ( Houdeng Goegnies)064 77 33 00info@orangehotel.behttps:\/\/www.orangehotel.be Chambres d\u2019h\u00f4tes Les Greniers de MadelgaireRue Neuve, 437060 Soignies0496\/908407info@les-greniers-de-madelgaire.behttp:\/\/www.les-greniers-de-madelgaire.be La FermetteChemin Bois de Steenkerque, 2a7060 Horrues067 33 96 72gitelafermette.focant@gmail.comhttp:\/\/www.gite-lafermette.com La Ferme du RotteleurRue de la Procession, 497061 [&hellip;]<\/p>\n","protected":false},"author":1,"featured_media":0,"parent":0,"menu_order":0,"comment_status":"closed","ping_status":"closed","template":"","meta":{"footnotes":""},"class_list":["post-37","page","type-page","status-publish","hentry"],"_links":{"self":[{"href":"https:\/\/sculptures-monumentales.eu\/index.php\/wp-json\/wp\/v2\/pages\/37","targetHints":{"allow":["GET"]}}],"collection":[{"href":"https:\/\/sculptures-monumentales.eu\/index.php\/wp-json\/wp\/v2\/pages"}],"about":[{"href":"https:\/\/sculptures-monumentales.eu\/index.php\/wp-json\/wp\/v2\/types\/page"}],"author":[{"embeddable":true,"href":"https:\/\/sculptures-monumentales.eu\/index.php\/wp-json\/wp\/v2\/users\/1"}],"replies":[{"embeddable":true,"href":"https:\/\/sculptures-monumentales.eu\/index.php\/wp-json\/wp\/v2\/comments?post=37"}],"version-history":[{"count":5,"href":"https:\/\/sculptures-monumentales.eu\/index.php\/wp-json\/wp\/v2\/pages\/37\/revisions"}],"predecessor-version":[{"id":240,"href":"https:\/\/sculptures-monumentales.eu\/index.php\/wp-json\/wp\/v2\/pages\/37\/revisions\/240"}],"wp:attachment":[{"href":"https:\/\/sculptures-monumentales.eu\/index.php\/wp-json\/wp\/v2\/media?parent=37"}],"curies":[{"name":"wp","href":"https:\/\/api.w.org\/{rel}","templated":true}]}}