{"id":25,"date":"2022-02-06T15:30:49","date_gmt":"2022-02-06T14:30:49","guid":{"rendered":"http:\/\/sculptures-monumentales.eu\/?page_id=25"},"modified":"2026-01-27T10:39:46","modified_gmt":"2026-01-27T09:39:46","slug":"activites-connexes","status":"publish","type":"page","link":"https:\/\/sculptures-monumentales.eu\/index.php\/activites-connexes\/","title":{"rendered":"Activit\u00e9s connexes"},"content":{"rendered":"\n<p><strong>De nombreuses activit\u00e9s connexes seront mises en place en marge de ces 8\u00e8mes \u00ab\u00a0Rencontres internationales de Sculpture monumentale\u00a0\u00bb<\/strong> : <strong>expositions, rencontre, visites guid\u00e9es, stages, conf\u00e9rence, journ\u00e9e d\u00e9couverte, festival&#8230;<\/strong><\/p>\n\n\n\n<p><strong>Le programme sera bient\u00f4t en ligne<\/strong><\/p>\n\n\n\n<h2 class=\"wp-block-heading\"><\/h2>\n","protected":false},"excerpt":{"rendered":"<p>De nombreuses activit\u00e9s connexes seront mises en place en marge de ces 8\u00e8mes \u00ab\u00a0Rencontres internationales de Sculpture monumentale\u00a0\u00bb : expositions, rencontre, visites guid\u00e9es, stages, conf\u00e9rence, journ\u00e9e d\u00e9couverte, festival&#8230; Le programme sera bient\u00f4t en ligne<\/p>\n","protected":false},"author":1,"featured_media":0,"parent":0,"menu_order":0,"comment_status":"closed","ping_status":"closed","template":"templates\/template-full-width.php","meta":{"footnotes":""},"class_list":["post-25","page","type-page","status-publish","hentry"],"_links":{"self":[{"href":"https:\/\/sculptures-monumentales.eu\/index.php\/wp-json\/wp\/v2\/pages\/25","targetHints":{"allow":["GET"]}}],"collection":[{"href":"https:\/\/sculptures-monumentales.eu\/index.php\/wp-json\/wp\/v2\/pages"}],"about":[{"href":"https:\/\/sculptures-monumentales.eu\/index.php\/wp-json\/wp\/v2\/types\/page"}],"author":[{"embeddable":true,"href":"https:\/\/sculptures-monumentales.eu\/index.php\/wp-json\/wp\/v2\/users\/1"}],"replies":[{"embeddable":true,"href":"https:\/\/sculptures-monumentales.eu\/index.php\/wp-json\/wp\/v2\/comments?post=25"}],"version-history":[{"count":16,"href":"https:\/\/sculptures-monumentales.eu\/index.php\/wp-json\/wp\/v2\/pages\/25\/revisions"}],"predecessor-version":[{"id":466,"href":"https:\/\/sculptures-monumentales.eu\/index.php\/wp-json\/wp\/v2\/pages\/25\/revisions\/466"}],"wp:attachment":[{"href":"https:\/\/sculptures-monumentales.eu\/index.php\/wp-json\/wp\/v2\/media?parent=25"}],"curies":[{"name":"wp","href":"https:\/\/api.w.org\/{rel}","templated":true}]}}