{"id":15,"date":"2022-02-06T15:28:46","date_gmt":"2022-02-06T14:28:46","guid":{"rendered":"http:\/\/sculptures-monumentales.eu\/?page_id=15"},"modified":"2023-02-09T14:19:55","modified_gmt":"2023-02-09T13:19:55","slug":"dans-la-presse","status":"publish","type":"page","link":"https:\/\/sculptures-monumentales.eu\/index.php\/dans-la-presse\/","title":{"rendered":"Dans la presse"},"content":{"rendered":"\n<h3 class=\"has-text-color wp-block-heading\" id=\"la-nouvelle-gazette\" style=\"color:#0a7c84\">La Nouvelle Gazette<\/h3>\n\n\n\n<p class=\"has-primary-color has-background-background-color has-text-color has-background\">&#8220;Terre de carri\u00e8res et de pierres, la ville hennuy\u00e8re de Soignies semblait s&#8217;imposer comme lieu propice \u00e0 l&#8217;organisation d&#8217;un symposium de sculptures. La ville se d\u00e9cline aux variations de la pierre bleue de Belgique que ce soit dans ses fa\u00e7ades, ses rues et ruelles ou sa culture. Elle \u00e9tait par cons\u00e9quent le th\u00e9\u00e2tre r\u00eav\u00e9 pour l&#8217;organisation d&#8217;un symposium&#8221;<\/p>\n\n\n\n<p class=\"has-background-color has-text-color has-background\" style=\"background-color:#0a7c84\">&#8220;Rendre visite \u00e0 ces artistes constitue une exp\u00e9rience enrichissante au plus haut point&#8221;<\/p>\n\n\n\n<p class=\"has-background-background-color has-background\">&#8220;Leurs oeuvres ne seront pas que de simples cailloux superbement travaill\u00e9s et donc agr\u00e9ables \u00e0 regarder. Elles auront aussi une signification finement recherch\u00e9e, o\u00f9 transpire la vraie valeur de l&#8217;artiste&#8221;<\/p>\n\n\n\n<hr class=\"wp-block-separator has-alpha-channel-opacity is-style-dots\"\/>\n\n\n\n<h3 class=\"has-text-color wp-block-heading\" id=\"reportage-de-la-rtbf-sur-les-sculpteurs-de-pierre-bleue-a-soignies\" style=\"color:#0a7c84\">RTBF<\/h3>\n\n\n\n<p class=\"has-background-background-color has-background\"><a rel=\"noreferrer noopener\" href=\"http:\/\/www.rtbf.be\/video\/detail_sculpteurs-de-pierre-bleue?id=1750848\" target=\"_blank\">&#8220;Mise en valeur d&#8217;un noble mat\u00e9riau&#8221;<\/a><br>Reportage de la RTBF sur les Sculpteurs de pierre bleue \u00e0 Soignies<\/p>\n","protected":false},"excerpt":{"rendered":"<p>La Nouvelle Gazette &#8220;Terre de carri\u00e8res et de pierres, la ville hennuy\u00e8re de Soignies semblait s&#8217;imposer comme lieu propice \u00e0 l&#8217;organisation d&#8217;un symposium de sculptures. La ville se d\u00e9cline aux variations de la pierre bleue de Belgique que ce soit dans ses fa\u00e7ades, ses rues et ruelles ou sa culture. Elle \u00e9tait par cons\u00e9quent le [&hellip;]<\/p>\n","protected":false},"author":1,"featured_media":0,"parent":0,"menu_order":0,"comment_status":"closed","ping_status":"closed","template":"","meta":{"footnotes":""},"class_list":["post-15","page","type-page","status-publish","hentry"],"_links":{"self":[{"href":"https:\/\/sculptures-monumentales.eu\/index.php\/wp-json\/wp\/v2\/pages\/15","targetHints":{"allow":["GET"]}}],"collection":[{"href":"https:\/\/sculptures-monumentales.eu\/index.php\/wp-json\/wp\/v2\/pages"}],"about":[{"href":"https:\/\/sculptures-monumentales.eu\/index.php\/wp-json\/wp\/v2\/types\/page"}],"author":[{"embeddable":true,"href":"https:\/\/sculptures-monumentales.eu\/index.php\/wp-json\/wp\/v2\/users\/1"}],"replies":[{"embeddable":true,"href":"https:\/\/sculptures-monumentales.eu\/index.php\/wp-json\/wp\/v2\/comments?post=15"}],"version-history":[{"count":6,"href":"https:\/\/sculptures-monumentales.eu\/index.php\/wp-json\/wp\/v2\/pages\/15\/revisions"}],"predecessor-version":[{"id":293,"href":"https:\/\/sculptures-monumentales.eu\/index.php\/wp-json\/wp\/v2\/pages\/15\/revisions\/293"}],"wp:attachment":[{"href":"https:\/\/sculptures-monumentales.eu\/index.php\/wp-json\/wp\/v2\/media?parent=15"}],"curies":[{"name":"wp","href":"https:\/\/api.w.org\/{rel}","templated":true}]}}